{"id":25,"date":"2019-03-22T17:20:41","date_gmt":"2019-03-22T16:20:41","guid":{"rendered":"http:\/\/pierrefeuillecigale.com\/index.php\/mesmerize\/"},"modified":"2024-01-02T08:40:41","modified_gmt":"2024-01-02T07:40:41","slug":"mesmerize","status":"publish","type":"page","link":"https:\/\/pierrefeuillecigale.com\/","title":{"rendered":"Accueil"},"content":{"rendered":"\t\t<div data-elementor-type=\"wp-post\" data-elementor-id=\"25\" class=\"elementor elementor-25\">\n\t\t\t\t\t\t<section class=\"elementor-section elementor-top-section elementor-element elementor-element-21f2bb8 elementor-section-boxed elementor-section-height-default elementor-section-height-default\" data-id=\"21f2bb8\" data-element_type=\"section\" data-e-type=\"section\">\n\t\t\t\t\t\t<div class=\"elementor-container elementor-column-gap-default\">\n\t\t\t\t\t<div class=\"elementor-column elementor-col-100 elementor-top-column elementor-element elementor-element-38e37f2\" data-id=\"38e37f2\" data-element_type=\"column\" data-e-type=\"column\">\n\t\t\t<div class=\"elementor-widget-wrap elementor-element-populated\">\n\t\t\t\t\t\t<div class=\"elementor-element elementor-element-fcfd373 elementor-widget-divider--view-line elementor-widget elementor-widget-divider\" data-id=\"fcfd373\" data-element_type=\"widget\" data-e-type=\"widget\" data-widget_type=\"divider.default\">\n\t\t\t\t<div class=\"elementor-widget-container\">\n\t\t\t\t\t\t\t<div class=\"elementor-divider\">\n\t\t\t<span class=\"elementor-divider-separator\">\n\t\t\t\t\t\t<\/span>\n\t\t<\/div>\n\t\t\t\t\t\t<\/div>\n\t\t\t\t<\/div>\n\t\t\t\t\t<\/div>\n\t\t<\/div>\n\t\t\t\t\t<\/div>\n\t\t<\/section>\n\t\t\t\t<section class=\"elementor-section elementor-top-section elementor-element elementor-element-0b8058c elementor-section-boxed elementor-section-height-default elementor-section-height-default\" data-id=\"0b8058c\" data-element_type=\"section\" data-e-type=\"section\">\n\t\t\t\t\t\t<div class=\"elementor-container elementor-column-gap-default\">\n\t\t\t\t\t<div class=\"elementor-column elementor-col-100 elementor-top-column elementor-element elementor-element-a0ed76c\" data-id=\"a0ed76c\" data-element_type=\"column\" data-e-type=\"column\">\n\t\t\t<div class=\"elementor-widget-wrap elementor-element-populated\">\n\t\t\t\t\t\t<div class=\"elementor-element elementor-element-192e436 elementor-widget elementor-widget-heading\" data-id=\"192e436\" data-element_type=\"widget\" data-e-type=\"widget\" data-widget_type=\"heading.default\">\n\t\t\t\t<div class=\"elementor-widget-container\">\n\t\t\t\t\t<h3 class=\"elementor-heading-title elementor-size-default\">Pierre Feuille Cigale, une association de d\u00e9couverte de la nature et de l'environnement !<br><br>Pour mieux conna\u00eetre les C\u00e9vennes, les Causses, les Garrigues, le Mont Aigoual, le Mont Loz\u00e8re, le Pic St Loup et bien d'autres lieux de la r\u00e9gion.<br><br>En famille, entre amis, entre pros, sportifs ou non !<br><br>Notre structure s'adresse au grand public mais \u00e9galement aux :<br><br>Centres de loisirs \/ Comit\u00e9s d'entreprise \/ Ecoles (de la maternelle au secondaire)<br>etc.<br><br>N'h\u00e9sitez pas \u00e0 nous contacter pour que l'on d\u00e9finisse ensemble votre projet et les sorties qui seront le plus adapt\u00e9es \u00e0 vos besoins !<\/h3>\t\t\t\t<\/div>\n\t\t\t\t<\/div>\n\t\t\t\t<div class=\"elementor-element elementor-element-7840df7 elementor-widget elementor-widget-spacer\" data-id=\"7840df7\" data-element_type=\"widget\" data-e-type=\"widget\" data-widget_type=\"spacer.default\">\n\t\t\t\t<div class=\"elementor-widget-container\">\n\t\t\t\t\t\t\t<div class=\"elementor-spacer\">\n\t\t\t<div class=\"elementor-spacer-inner\"><\/div>\n\t\t<\/div>\n\t\t\t\t\t\t<\/div>\n\t\t\t\t<\/div>\n\t\t\t\t\t<\/div>\n\t\t<\/div>\n\t\t\t\t\t<\/div>\n\t\t<\/section>\n\t\t\t\t<section class=\"elementor-section elementor-top-section elementor-element elementor-element-2c38b8e elementor-section-boxed elementor-section-height-default elementor-section-height-default\" data-id=\"2c38b8e\" data-element_type=\"section\" data-e-type=\"section\">\n\t\t\t\t\t\t<div class=\"elementor-container elementor-column-gap-default\">\n\t\t\t\t\t<div class=\"elementor-column elementor-col-100 elementor-top-column elementor-element elementor-element-a74fa33\" data-id=\"a74fa33\" data-element_type=\"column\" data-e-type=\"column\">\n\t\t\t<div class=\"elementor-widget-wrap elementor-element-populated\">\n\t\t\t\t\t\t<section class=\"elementor-section elementor-inner-section elementor-element elementor-element-87c3123 elementor-section-boxed elementor-section-height-default elementor-section-height-default\" data-id=\"87c3123\" data-element_type=\"section\" data-e-type=\"section\">\n\t\t\t\t\t\t<div class=\"elementor-container elementor-column-gap-default\">\n\t\t\t\t\t<div class=\"elementor-column elementor-col-50 elementor-inner-column elementor-element elementor-element-5ac9ae6\" data-id=\"5ac9ae6\" data-element_type=\"column\" data-e-type=\"column\">\n\t\t\t<div class=\"elementor-widget-wrap elementor-element-populated\">\n\t\t\t\t\t\t<div class=\"elementor-element elementor-element-65ae714 elementor-widget elementor-widget-text-editor\" data-id=\"65ae714\" data-element_type=\"widget\" data-e-type=\"widget\" data-widget_type=\"text-editor.default\">\n\t\t\t\t<div class=\"elementor-widget-container\">\n\t\t\t\t\t\t\t\t\t<h6><span style=\"mso-ascii-font-family:Calibri;mso-hansi-font-family: Calibri;mso-bidi-font-family:Calibri\">Install\u00e9 \u00e0 la porte du Parc National des C\u00e9vennes, dont le jardin serait la garrigue, Pierre Feuille Cigale est la structure d\u2019accompagnement de randonn\u00e9es et de d\u00e9couverte de l\u2019environnement de la r\u00e9gion.<\/span><\/h6>\n<h6><span style=\"mso-ascii-font-family:Calibri;mso-hansi-font-family: Calibri;mso-bidi-font-family:Calibri\">Nous avons la volont\u00e9 de faire d\u00e9couvrir un environnement exceptionnel en prenant le temps de s\u2019arr\u00eater sur les richesses qui le composent.<\/span><\/h6>\n<h6><span style=\"mso-ascii-font-family:Calibri;mso-hansi-font-family: Calibri;mso-bidi-font-family:Calibri\">Nous partirons voir les paysages embl\u00e9matiques des C\u00e9vennes tels que le massif de l\u2019Aigoual, les causses et son cirque de Navacelles, le Pic Saint Loup, Anduze, le Pont du Gard, etc.<\/span><\/h6>\n<h6><span style=\"mso-ascii-font-family:Calibri;mso-hansi-font-family: Calibri;mso-bidi-font-family:Calibri\">Tout proche de Montpellier, de N\u00eemes et d\u2019Al\u00e8s, ce carrefour nous permet d\u2019aller partout, tout le temps.&nbsp;<\/span><\/h6>\t\t\t\t\t\t\t\t<\/div>\n\t\t\t\t<\/div>\n\t\t\t\t\t<\/div>\n\t\t<\/div>\n\t\t\t\t<div class=\"elementor-column elementor-col-50 elementor-inner-column elementor-element elementor-element-e8f911e\" data-id=\"e8f911e\" data-element_type=\"column\" data-e-type=\"column\">\n\t\t\t<div class=\"elementor-widget-wrap elementor-element-populated\">\n\t\t\t\t\t\t<div class=\"elementor-element elementor-element-1b37df8 elementor-widget elementor-widget-image\" data-id=\"1b37df8\" data-element_type=\"widget\" data-e-type=\"widget\" data-widget_type=\"image.default\">\n\t\t\t\t<div class=\"elementor-widget-container\">\n\t\t\t\t\t\t\t\t\t\t\t\t\t\t\t<img fetchpriority=\"high\" decoding=\"async\" width=\"768\" height=\"576\" src=\"https:\/\/pierrefeuillecigale.com\/wp-content\/uploads\/2019\/05\/P1140448-768x576.jpg\" class=\"attachment-medium_large size-medium_large wp-image-144\" alt=\"\" srcset=\"https:\/\/pierrefeuillecigale.com\/wp-content\/uploads\/2019\/05\/P1140448-768x576.jpg 768w, https:\/\/pierrefeuillecigale.com\/wp-content\/uploads\/2019\/05\/P1140448-600x450.jpg 600w, https:\/\/pierrefeuillecigale.com\/wp-content\/uploads\/2019\/05\/P1140448-300x225.jpg 300w, https:\/\/pierrefeuillecigale.com\/wp-content\/uploads\/2019\/05\/P1140448-1024x768.jpg 1024w, https:\/\/pierrefeuillecigale.com\/wp-content\/uploads\/2019\/05\/P1140448-1440x1080.jpg 1440w\" sizes=\"(max-width: 768px) 100vw, 768px\" \/>\t\t\t\t\t\t\t\t\t\t\t\t\t\t\t<\/div>\n\t\t\t\t<\/div>\n\t\t\t\t\t<\/div>\n\t\t<\/div>\n\t\t\t\t\t<\/div>\n\t\t<\/section>\n\t\t\t\t\t<\/div>\n\t\t<\/div>\n\t\t\t\t\t<\/div>\n\t\t<\/section>\n\t\t\t\t<section class=\"elementor-section elementor-top-section elementor-element elementor-element-554018f elementor-section-boxed elementor-section-height-default elementor-section-height-default\" data-id=\"554018f\" data-element_type=\"section\" data-e-type=\"section\">\n\t\t\t\t\t\t<div class=\"elementor-container elementor-column-gap-default\">\n\t\t\t\t\t<div class=\"elementor-column elementor-col-100 elementor-top-column elementor-element elementor-element-29ba012\" data-id=\"29ba012\" data-element_type=\"column\" data-e-type=\"column\">\n\t\t\t<div class=\"elementor-widget-wrap elementor-element-populated\">\n\t\t\t\t\t\t<div class=\"elementor-element elementor-element-6487f48 elementor-widget-divider--view-line elementor-widget elementor-widget-divider\" data-id=\"6487f48\" data-element_type=\"widget\" data-e-type=\"widget\" data-widget_type=\"divider.default\">\n\t\t\t\t<div class=\"elementor-widget-container\">\n\t\t\t\t\t\t\t<div class=\"elementor-divider\">\n\t\t\t<span class=\"elementor-divider-separator\">\n\t\t\t\t\t\t<\/span>\n\t\t<\/div>\n\t\t\t\t\t\t<\/div>\n\t\t\t\t<\/div>\n\t\t\t\t<div class=\"elementor-element elementor-element-c135e17 elementor-widget elementor-widget-image\" data-id=\"c135e17\" data-element_type=\"widget\" data-e-type=\"widget\" data-widget_type=\"image.default\">\n\t\t\t\t<div class=\"elementor-widget-container\">\n\t\t\t\t\t\t\t\t\t\t\t\t\t\t\t<img decoding=\"async\" width=\"768\" height=\"576\" src=\"https:\/\/pierrefeuillecigale.com\/wp-content\/uploads\/2020\/01\/20170805_173644-768x576.jpg\" class=\"attachment-medium_large size-medium_large wp-image-316\" alt=\"\" srcset=\"https:\/\/pierrefeuillecigale.com\/wp-content\/uploads\/2020\/01\/20170805_173644-768x576.jpg 768w, https:\/\/pierrefeuillecigale.com\/wp-content\/uploads\/2020\/01\/20170805_173644-300x225.jpg 300w, https:\/\/pierrefeuillecigale.com\/wp-content\/uploads\/2020\/01\/20170805_173644-1024x768.jpg 1024w, https:\/\/pierrefeuillecigale.com\/wp-content\/uploads\/2020\/01\/20170805_173644-1536x1152.jpg 1536w, https:\/\/pierrefeuillecigale.com\/wp-content\/uploads\/2020\/01\/20170805_173644-1440x1080.jpg 1440w, https:\/\/pierrefeuillecigale.com\/wp-content\/uploads\/2020\/01\/20170805_173644.jpg 2048w\" sizes=\"(max-width: 768px) 100vw, 768px\" \/>\t\t\t\t\t\t\t\t\t\t\t\t\t\t\t<\/div>\n\t\t\t\t<\/div>\n\t\t\t\t\t<\/div>\n\t\t<\/div>\n\t\t\t\t\t<\/div>\n\t\t<\/section>\n\t\t\t\t<section class=\"elementor-section elementor-top-section elementor-element elementor-element-506f960 elementor-section-boxed elementor-section-height-default elementor-section-height-default\" data-id=\"506f960\" data-element_type=\"section\" data-e-type=\"section\">\n\t\t\t\t\t\t<div class=\"elementor-container elementor-column-gap-default\">\n\t\t\t\t\t<div class=\"elementor-column elementor-col-100 elementor-top-column elementor-element elementor-element-81ec83d\" data-id=\"81ec83d\" data-element_type=\"column\" data-e-type=\"column\">\n\t\t\t<div class=\"elementor-widget-wrap elementor-element-populated\">\n\t\t\t\t\t\t<div class=\"elementor-element elementor-element-68a12d7 elementor-widget-divider--view-line elementor-widget elementor-widget-divider\" data-id=\"68a12d7\" data-element_type=\"widget\" data-e-type=\"widget\" data-widget_type=\"divider.default\">\n\t\t\t\t<div class=\"elementor-widget-container\">\n\t\t\t\t\t\t\t<div class=\"elementor-divider\">\n\t\t\t<span class=\"elementor-divider-separator\">\n\t\t\t\t\t\t<\/span>\n\t\t<\/div>\n\t\t\t\t\t\t<\/div>\n\t\t\t\t<\/div>\n\t\t\t\t\t<\/div>\n\t\t<\/div>\n\t\t\t\t\t<\/div>\n\t\t<\/section>\n\t\t\t\t<\/div>\n\t\t","protected":false},"excerpt":{"rendered":"<p>Pierre Feuille Cigale, une association de d\u00e9couverte de la nature et de l&rsquo;environnement !Pour mieux conna\u00eetre les C\u00e9vennes, les Causses, les Garrigues, le Mont Aigoual, le Mont Loz\u00e8re, le Pic St Loup et bien d&rsquo;autres lieux de la r\u00e9gion.En famille, entre amis, entre pros, sportifs ou non !Notre structure s&rsquo;adresse au grand public mais \u00e9galement&hellip; <br \/> <a class=\"read-more\" href=\"https:\/\/pierrefeuillecigale.com\/\">Lire la suite<\/a><\/p>\n","protected":false},"author":2,"featured_media":0,"parent":0,"menu_order":0,"comment_status":"closed","ping_status":"closed","template":"","meta":{"footnotes":""},"class_list":["post-25","page","type-page","status-publish","hentry"],"yoast_head":"<!-- This site is optimized with the Yoast SEO plugin v27.5 - https:\/\/yoast.com\/product\/yoast-seo-wordpress\/ -->\n<title>Accueil - Pierre feuille cigale<\/title>\n<meta name=\"robots\" content=\"index, follow, max-snippet:-1, max-image-preview:large, max-video-preview:-1\" \/>\n<link rel=\"canonical\" href=\"https:\/\/pierrefeuillecigale.com\/\" \/>\n<meta property=\"og:locale\" content=\"fr_FR\" \/>\n<meta property=\"og:type\" content=\"article\" \/>\n<meta property=\"og:title\" content=\"Accueil - Pierre feuille cigale\" \/>\n<meta property=\"og:description\" content=\"Pierre Feuille Cigale, une association de d\u00e9couverte de la nature et de l&rsquo;environnement !Pour mieux conna\u00eetre les C\u00e9vennes, les Causses, les Garrigues, le Mont Aigoual, le Mont Loz\u00e8re, le Pic St Loup et bien d&rsquo;autres lieux de la r\u00e9gion.En famille, entre amis, entre pros, sportifs ou non !Notre structure s&rsquo;adresse au grand public mais \u00e9galement&hellip; Lire la suite\" \/>\n<meta property=\"og:url\" content=\"https:\/\/pierrefeuillecigale.com\/\" \/>\n<meta property=\"og:site_name\" content=\"Pierre feuille cigale\" \/>\n<meta property=\"article:publisher\" content=\"https:\/\/www.facebook.com\/rando.velo.nature\/\" \/>\n<meta property=\"article:modified_time\" content=\"2024-01-02T07:40:41+00:00\" \/>\n<meta property=\"og:image\" content=\"https:\/\/pierrefeuillecigale.com\/wp-content\/uploads\/2019\/05\/P1140448-768x576.jpg\" \/>\n<meta name=\"twitter:card\" content=\"summary_large_image\" \/>\n<meta name=\"twitter:label1\" content=\"Dur\u00e9e de lecture estim\u00e9e\" \/>\n\t<meta name=\"twitter:data1\" content=\"2 minutes\" \/>\n<script type=\"application\/ld+json\" class=\"yoast-schema-graph\">{\"@context\":\"https:\\\/\\\/schema.org\",\"@graph\":[{\"@type\":\"WebPage\",\"@id\":\"https:\\\/\\\/pierrefeuillecigale.com\\\/\",\"url\":\"https:\\\/\\\/pierrefeuillecigale.com\\\/\",\"name\":\"Accueil - Pierre feuille cigale\",\"isPartOf\":{\"@id\":\"https:\\\/\\\/pierrefeuillecigale.com\\\/#website\"},\"primaryImageOfPage\":{\"@id\":\"https:\\\/\\\/pierrefeuillecigale.com\\\/#primaryimage\"},\"image\":{\"@id\":\"https:\\\/\\\/pierrefeuillecigale.com\\\/#primaryimage\"},\"thumbnailUrl\":\"https:\\\/\\\/pierrefeuillecigale.com\\\/wp-content\\\/uploads\\\/2019\\\/05\\\/P1140448-768x576.jpg\",\"datePublished\":\"2019-03-22T16:20:41+00:00\",\"dateModified\":\"2024-01-02T07:40:41+00:00\",\"breadcrumb\":{\"@id\":\"https:\\\/\\\/pierrefeuillecigale.com\\\/#breadcrumb\"},\"inLanguage\":\"fr-FR\",\"potentialAction\":[{\"@type\":\"ReadAction\",\"target\":[\"https:\\\/\\\/pierrefeuillecigale.com\\\/\"]}]},{\"@type\":\"ImageObject\",\"inLanguage\":\"fr-FR\",\"@id\":\"https:\\\/\\\/pierrefeuillecigale.com\\\/#primaryimage\",\"url\":\"https:\\\/\\\/pierrefeuillecigale.com\\\/wp-content\\\/uploads\\\/2019\\\/05\\\/P1140448.jpg\",\"contentUrl\":\"https:\\\/\\\/pierrefeuillecigale.com\\\/wp-content\\\/uploads\\\/2019\\\/05\\\/P1140448.jpg\",\"width\":2560,\"height\":1920},{\"@type\":\"BreadcrumbList\",\"@id\":\"https:\\\/\\\/pierrefeuillecigale.com\\\/#breadcrumb\",\"itemListElement\":[{\"@type\":\"ListItem\",\"position\":1,\"name\":\"Home\",\"item\":\"https:\\\/\\\/pierrefeuillecigale.com\\\/\"},{\"@type\":\"ListItem\",\"position\":2,\"name\":\"Accueil\"}]},{\"@type\":\"WebSite\",\"@id\":\"https:\\\/\\\/pierrefeuillecigale.com\\\/#website\",\"url\":\"https:\\\/\\\/pierrefeuillecigale.com\\\/\",\"name\":\"Pierre feuille cigale\",\"description\":\"\",\"publisher\":{\"@id\":\"https:\\\/\\\/pierrefeuillecigale.com\\\/#organization\"},\"potentialAction\":[{\"@type\":\"SearchAction\",\"target\":{\"@type\":\"EntryPoint\",\"urlTemplate\":\"https:\\\/\\\/pierrefeuillecigale.com\\\/?s={search_term_string}\"},\"query-input\":{\"@type\":\"PropertyValueSpecification\",\"valueRequired\":true,\"valueName\":\"search_term_string\"}}],\"inLanguage\":\"fr-FR\"},{\"@type\":\"Organization\",\"@id\":\"https:\\\/\\\/pierrefeuillecigale.com\\\/#organization\",\"name\":\"PIERRE FEUILLE CIGALE\",\"url\":\"https:\\\/\\\/pierrefeuillecigale.com\\\/\",\"logo\":{\"@type\":\"ImageObject\",\"inLanguage\":\"fr-FR\",\"@id\":\"https:\\\/\\\/pierrefeuillecigale.com\\\/#\\\/schema\\\/logo\\\/image\\\/\",\"url\":\"https:\\\/\\\/pierrefeuillecigale.com\\\/wp-content\\\/uploads\\\/2019\\\/07\\\/Logo.jpg\",\"contentUrl\":\"https:\\\/\\\/pierrefeuillecigale.com\\\/wp-content\\\/uploads\\\/2019\\\/07\\\/Logo.jpg\",\"width\":5412,\"height\":1016,\"caption\":\"PIERRE FEUILLE CIGALE\"},\"image\":{\"@id\":\"https:\\\/\\\/pierrefeuillecigale.com\\\/#\\\/schema\\\/logo\\\/image\\\/\"},\"sameAs\":[\"https:\\\/\\\/www.facebook.com\\\/rando.velo.nature\\\/\"]}]}<\/script>\n<!-- \/ Yoast SEO plugin. -->","yoast_head_json":{"title":"Accueil - Pierre feuille cigale","robots":{"index":"index","follow":"follow","max-snippet":"max-snippet:-1","max-image-preview":"max-image-preview:large","max-video-preview":"max-video-preview:-1"},"canonical":"https:\/\/pierrefeuillecigale.com\/","og_locale":"fr_FR","og_type":"article","og_title":"Accueil - Pierre feuille cigale","og_description":"Pierre Feuille Cigale, une association de d\u00e9couverte de la nature et de l&rsquo;environnement !Pour mieux conna\u00eetre les C\u00e9vennes, les Causses, les Garrigues, le Mont Aigoual, le Mont Loz\u00e8re, le Pic St Loup et bien d&rsquo;autres lieux de la r\u00e9gion.En famille, entre amis, entre pros, sportifs ou non !Notre structure s&rsquo;adresse au grand public mais \u00e9galement&hellip; Lire la suite","og_url":"https:\/\/pierrefeuillecigale.com\/","og_site_name":"Pierre feuille cigale","article_publisher":"https:\/\/www.facebook.com\/rando.velo.nature\/","article_modified_time":"2024-01-02T07:40:41+00:00","og_image":[{"url":"https:\/\/pierrefeuillecigale.com\/wp-content\/uploads\/2019\/05\/P1140448-768x576.jpg","type":"","width":"","height":""}],"twitter_card":"summary_large_image","twitter_misc":{"Dur\u00e9e de lecture estim\u00e9e":"2 minutes"},"schema":{"@context":"https:\/\/schema.org","@graph":[{"@type":"WebPage","@id":"https:\/\/pierrefeuillecigale.com\/","url":"https:\/\/pierrefeuillecigale.com\/","name":"Accueil - Pierre feuille cigale","isPartOf":{"@id":"https:\/\/pierrefeuillecigale.com\/#website"},"primaryImageOfPage":{"@id":"https:\/\/pierrefeuillecigale.com\/#primaryimage"},"image":{"@id":"https:\/\/pierrefeuillecigale.com\/#primaryimage"},"thumbnailUrl":"https:\/\/pierrefeuillecigale.com\/wp-content\/uploads\/2019\/05\/P1140448-768x576.jpg","datePublished":"2019-03-22T16:20:41+00:00","dateModified":"2024-01-02T07:40:41+00:00","breadcrumb":{"@id":"https:\/\/pierrefeuillecigale.com\/#breadcrumb"},"inLanguage":"fr-FR","potentialAction":[{"@type":"ReadAction","target":["https:\/\/pierrefeuillecigale.com\/"]}]},{"@type":"ImageObject","inLanguage":"fr-FR","@id":"https:\/\/pierrefeuillecigale.com\/#primaryimage","url":"https:\/\/pierrefeuillecigale.com\/wp-content\/uploads\/2019\/05\/P1140448.jpg","contentUrl":"https:\/\/pierrefeuillecigale.com\/wp-content\/uploads\/2019\/05\/P1140448.jpg","width":2560,"height":1920},{"@type":"BreadcrumbList","@id":"https:\/\/pierrefeuillecigale.com\/#breadcrumb","itemListElement":[{"@type":"ListItem","position":1,"name":"Home","item":"https:\/\/pierrefeuillecigale.com\/"},{"@type":"ListItem","position":2,"name":"Accueil"}]},{"@type":"WebSite","@id":"https:\/\/pierrefeuillecigale.com\/#website","url":"https:\/\/pierrefeuillecigale.com\/","name":"Pierre feuille cigale","description":"","publisher":{"@id":"https:\/\/pierrefeuillecigale.com\/#organization"},"potentialAction":[{"@type":"SearchAction","target":{"@type":"EntryPoint","urlTemplate":"https:\/\/pierrefeuillecigale.com\/?s={search_term_string}"},"query-input":{"@type":"PropertyValueSpecification","valueRequired":true,"valueName":"search_term_string"}}],"inLanguage":"fr-FR"},{"@type":"Organization","@id":"https:\/\/pierrefeuillecigale.com\/#organization","name":"PIERRE FEUILLE CIGALE","url":"https:\/\/pierrefeuillecigale.com\/","logo":{"@type":"ImageObject","inLanguage":"fr-FR","@id":"https:\/\/pierrefeuillecigale.com\/#\/schema\/logo\/image\/","url":"https:\/\/pierrefeuillecigale.com\/wp-content\/uploads\/2019\/07\/Logo.jpg","contentUrl":"https:\/\/pierrefeuillecigale.com\/wp-content\/uploads\/2019\/07\/Logo.jpg","width":5412,"height":1016,"caption":"PIERRE FEUILLE CIGALE"},"image":{"@id":"https:\/\/pierrefeuillecigale.com\/#\/schema\/logo\/image\/"},"sameAs":["https:\/\/www.facebook.com\/rando.velo.nature\/"]}]}},"_links":{"self":[{"href":"https:\/\/pierrefeuillecigale.com\/index.php\/wp-json\/wp\/v2\/pages\/25","targetHints":{"allow":["GET"]}}],"collection":[{"href":"https:\/\/pierrefeuillecigale.com\/index.php\/wp-json\/wp\/v2\/pages"}],"about":[{"href":"https:\/\/pierrefeuillecigale.com\/index.php\/wp-json\/wp\/v2\/types\/page"}],"author":[{"embeddable":true,"href":"https:\/\/pierrefeuillecigale.com\/index.php\/wp-json\/wp\/v2\/users\/2"}],"replies":[{"embeddable":true,"href":"https:\/\/pierrefeuillecigale.com\/index.php\/wp-json\/wp\/v2\/comments?post=25"}],"version-history":[{"count":5,"href":"https:\/\/pierrefeuillecigale.com\/index.php\/wp-json\/wp\/v2\/pages\/25\/revisions"}],"predecessor-version":[{"id":1121,"href":"https:\/\/pierrefeuillecigale.com\/index.php\/wp-json\/wp\/v2\/pages\/25\/revisions\/1121"}],"wp:attachment":[{"href":"https:\/\/pierrefeuillecigale.com\/index.php\/wp-json\/wp\/v2\/media?parent=25"}],"curies":[{"name":"wp","href":"https:\/\/api.w.org\/{rel}","templated":true}]}}